{"id":32,"date":"2015-06-19T09:58:23","date_gmt":"2015-06-19T07:58:23","guid":{"rendered":"https:\/\/www.schmid-schmid.at\/blog\/?post_type=product&#038;p=32"},"modified":"2025-03-13T15:28:28","modified_gmt":"2025-03-13T14:28:28","slug":"abschalten-auftanken","status":"publish","type":"product","link":"https:\/\/www.schmid-schmid.at\/blog\/produkt\/abschalten-auftanken","title":{"rendered":"abschalten &#038; auftanken. 52 \u00dcbungen f\u00fcr Achtsamkeit &#038; Co. von Dr. Norman  Schmid (2015)"},"content":{"rendered":"<div class=\"c_ct c_ct_ti\">\n<div class=\"c_text_ti c_text_ti_1\">Verlag: maudrich 2015, 125 Seiten, durchgehend 4-farbig<br \/>\nISBN 978-3-99002-003-6<\/div>\n<div class=\"c_text_ti c_text_ti_1\"><\/div>\n<\/div>\n<div class=\"c_text_ti c_text_ti_1\">\n<p><a href=\"https:\/\/www.schmid-schmid.at\/blog\/wp-content\/uploads\/2015\/06\/abschalten_und_auftanken_blick_ins_buch.pdf\" target=\"_blank\" rel=\"noopener noreferrer\">abschalten und auftanken &#8211; Blick ins Buch<\/a><\/p>\n<p>&nbsp;<\/p>\n<\/div>\n<div class=\"c_text_ti c_text_ti_1\"><\/div>\n<div class=\"c_text_ti c_text_ti_1\"><b>abschalten &amp; auftanken<br \/>\n<\/b><\/div>\n<div class=\"c_ct c_ct_ti\">\n<p>Den Kopf frei bekommen, abschalten und Energie tanken. Genau das ist es, wonach sich viele Menschen in unserer von Stress und Hektik geplagten Welt sehnen.<\/p>\n<\/div>\n<div class=\"c_ct c_ct_ti\">In diesem Buch erfahren Sie, wie es gelingt, in Beruf und Freizeit die Kraftquellen von Stille und Konzentration zu aktivieren: \u00dcbungen f\u00fcr besondere Momente und auch f\u00fcr zwischendurch, damit sich ein nat\u00fcrlicher Rhythmus von Aktivit\u00e4t und Erholung einstellen kann.<\/div>\n<div class=\"c_ct c_ct_ti\"><\/div>\n<ul>\n<li class=\"c_ct c_ct_ti\">abschalten sowie auftanken mit Achtsamkeit, Meditation, Selbsthypnose und Selbstreflexion<\/li>\n<li class=\"c_ct c_ct_ti\">wirksam, bed\u00fcrfnisorientiert und praktisch: mit 52 \u00dcbungen durchs Jahr<\/li>\n<li class=\"c_ct c_ct_ti\">mit Schritt-f\u00fcr-Schritt-Anleitungen<\/li>\n<\/ul>\n<p>Link f\u00fcr e-PDF:\u00a0<a href=\"http:\/\/www.facultas.at\/list?quick=978-3-99030-439-6\">http:\/\/www.facultas.at\/list?quick=978-3-99030-439-6<\/a><\/p>\n<p>Buch-Rezension:\u00a0<a href=\"https:\/\/relaxed.live\/2017\/01\/28\/buchvorstellung-abschalten-auftanken-52-uebungen-fuer-achtsamkeit-co\/\" target=\"_blank\" rel=\"noopener noreferrer\">https:\/\/relaxed.live\/2017\/01\/28\/buchvorstellung-abschalten-auftanken-52-uebungen-fuer-achtsamkeit-co\/<\/a><\/p>\n","protected":false},"excerpt":{"rendered":"<p>Verlag: maudrich 2015, 125 Seiten, durchgehend 4-farbig ISBN 978-3-99002-003-6 abschalten und auftanken &#8211; Blick ins Buch &nbsp; abschalten &amp; auftanken Den Kopf frei bekommen, abschalten und Energie tanken. Genau das ist es, wonach sich viele Menschen in unserer von Stress und Hektik geplagten Welt sehnen. In diesem Buch erfahren Sie, wie es gelingt, in Beruf und Freizeit die Kraftquellen von Stille und Konzentration zu aktivieren: \u00dcbungen f\u00fcr besondere Momente und auch f\u00fcr zwischendurch, damit sich ein nat\u00fcrlicher Rhythmus von Aktivit\u00e4t und Erholung einstellen kann. abschalten sowie auftanken mit Achtsamkeit, Meditation, Selbsthypnose und Selbstreflexion wirksam, bed\u00fcrfnisorientiert und praktisch: mit 52 \u00dcbungen durchs Jahr mit Schritt-f\u00fcr-Schritt-Anleitungen Link f\u00fcr e-PDF:\u00a0http:\/\/www.facultas.at\/list?quick=978-3-99030-439-6 Buch-Rezension:\u00a0https:\/\/relaxed.live\/2017\/01\/28\/buchvorstellung-abschalten-auftanken-52-uebungen-fuer-achtsamkeit-co\/<\/p>\n","protected":false},"featured_media":1498,"comment_status":"closed","ping_status":"closed","template":"","meta":[],"product_cat":[95],"product_tag":[249,255,257,259,260,261],"_links":{"self":[{"href":"https:\/\/www.schmid-schmid.at\/blog\/wp-json\/wp\/v2\/product\/32"}],"collection":[{"href":"https:\/\/www.schmid-schmid.at\/blog\/wp-json\/wp\/v2\/product"}],"about":[{"href":"https:\/\/www.schmid-schmid.at\/blog\/wp-json\/wp\/v2\/types\/product"}],"replies":[{"embeddable":true,"href":"https:\/\/www.schmid-schmid.at\/blog\/wp-json\/wp\/v2\/comments?post=32"}],"wp:featuredmedia":[{"embeddable":true,"href":"https:\/\/www.schmid-schmid.at\/blog\/wp-json\/wp\/v2\/media\/1498"}],"wp:attachment":[{"href":"https:\/\/www.schmid-schmid.at\/blog\/wp-json\/wp\/v2\/media?parent=32"}],"wp:term":[{"taxonomy":"product_cat","embeddable":true,"href":"https:\/\/www.schmid-schmid.at\/blog\/wp-json\/wp\/v2\/product_cat?post=32"},{"taxonomy":"product_tag","embeddable":true,"href":"https:\/\/www.schmid-schmid.at\/blog\/wp-json\/wp\/v2\/product_tag?post=32"}],"curies":[{"name":"wp","href":"https:\/\/api.w.org\/{rel}","templated":true}]}}